{"id":3027,"date":"2025-11-27T14:02:06","date_gmt":"2025-11-27T14:02:06","guid":{"rendered":"https:\/\/azulcuisine.ca\/?page_id=3027"},"modified":"2025-11-30T20:41:00","modified_gmt":"2025-12-01T01:41:00","slug":"politique-de-confidentialite","status":"publish","type":"page","link":"https:\/\/azulcuisine.ca\/fr\/politique-de-confidentialite\/","title":{"rendered":"Politique de confidentialit\u00e9"},"content":{"rendered":"<p><div class=\"fusion-fullwidth fullwidth-box fusion-builder-row-1 fusion-flex-container has-pattern-background has-mask-background nonhundred-percent-fullwidth non-hundred-percent-height-scrolling\" style=\"--awb-border-radius-top-left:0px;--awb-border-radius-top-right:0px;--awb-border-radius-bottom-right:0px;--awb-border-radius-bottom-left:0px;--awb-flex-wrap:wrap;\" ><div class=\"fusion-builder-row fusion-row fusion-flex-align-items-flex-start fusion-flex-content-wrap\" style=\"max-width:1248px;margin-left: calc(-4% \/ 2 );margin-right: calc(-4% \/ 2 );\"><div class=\"fusion-layout-column fusion_builder_column fusion-builder-column-0 fusion_builder_column_1_1 1_1 fusion-flex-column\" style=\"--awb-bg-size:cover;--awb-width-large:100%;--awb-margin-top-large:0px;--awb-spacing-right-large:1.92%;--awb-margin-bottom-large:0px;--awb-spacing-left-large:1.92%;--awb-width-medium:100%;--awb-order-medium:0;--awb-spacing-right-medium:1.92%;--awb-spacing-left-medium:1.92%;--awb-width-small:100%;--awb-order-small:0;--awb-spacing-right-small:1.92%;--awb-spacing-left-small:1.92%;\"><div class=\"fusion-column-wrapper fusion-column-has-shadow fusion-flex-justify-content-flex-start fusion-content-layout-column\"><div class=\"fusion-text fusion-text-1\"><p style=\"text-align: right;\" data-no-translation><a href=\"#english\">\u2022\u00a0Go to English<\/a><\/p>\n<\/div><\/div><\/div><\/div><\/div><div id=\"francais\" class=\"fusion-container-anchor\"><div class=\"fusion-fullwidth fullwidth-box fusion-builder-row-2 fusion-flex-container has-pattern-background has-mask-background nonhundred-percent-fullwidth non-hundred-percent-height-scrolling\" style=\"--awb-border-radius-top-left:0px;--awb-border-radius-top-right:0px;--awb-border-radius-bottom-right:0px;--awb-border-radius-bottom-left:0px;--awb-flex-wrap:wrap;\" ><div class=\"fusion-builder-row fusion-row fusion-flex-align-items-flex-start fusion-flex-content-wrap\" style=\"max-width:1248px;margin-left: calc(-4% \/ 2 );margin-right: calc(-4% \/ 2 );\"><div class=\"fusion-layout-column fusion_builder_column fusion-builder-column-1 fusion_builder_column_1_1 1_1 fusion-flex-column\" style=\"--awb-bg-size:cover;--awb-width-large:100%;--awb-margin-top-large:20px;--awb-spacing-right-large:1.92%;--awb-margin-bottom-large:20px;--awb-spacing-left-large:1.92%;--awb-width-medium:100%;--awb-order-medium:0;--awb-spacing-right-medium:1.92%;--awb-spacing-left-medium:1.92%;--awb-width-small:100%;--awb-order-small:0;--awb-spacing-right-small:1.92%;--awb-spacing-left-small:1.92%;\"><div class=\"fusion-column-wrapper fusion-column-has-shadow fusion-flex-justify-content-flex-start fusion-content-layout-column\"><div class=\"fusion-title title fusion-title-1 fusion-sep-none fusion-title-center fusion-title-text fusion-title-size-two\"><h2 class=\"fusion-title-heading title-heading-center fusion-responsive-typography-calculated\" style=\"margin:0;--fontSize:36;line-height:1.28;\">Politique de confidentialit\u00e9<\/h2><\/div><div class=\"fusion-text fusion-text-2\"><p>Azul Cuisine inc, ses divisions, filiales et soci\u00e9t\u00e9s affili\u00e9es (\u00ab Azul \u00bb) sont soucieuses du respect des Renseignements personnels que les Clients leur confient lors de l'utilisation des Sites et dans le cadre de ses interactions dans les \u00c9tablissements de Azul.<\/p>\n<p>Vous trouverez ci-dessous un r\u00e9sum\u00e9 de certains points de la Politique sur la protection des renseignements personnels (\u00ab Politique \u00bb). Pour obtenir le texte complet de la Politique ainsi que les avis relatifs au respect de la vie priv\u00e9e mentionn\u00e9s ci-dessous, veuillez consulter les liens suivants :<br \/>\u25cf Politique sur la protection des renseignements personnels<br \/>\u25cf Avis relatif au respect de la vie priv\u00e9e - Programmes de fid\u00e9lisation<br \/>\u25cf Avis relatif au respect de la vie priv\u00e9e - T\u00e9moins<\/p>\n<p>Port\u00e9e et application<br \/>La Politique a pour objectif d'informer les Clients de la fa\u00e7on dont Azul recueille, utilise, divulgue, conserve et prot\u00e8ge les Renseignements personnels fournis par ses Clients lorsqu'ils visitent l'un de nos Sites, s'inscrivent \u00e0 l'un de nos programmes, promotions, sondages ou concours, s'inscrivent \u00e0 un service sp\u00e9cifique, y compris tout service de commerce en ligne et dans le cadre de ses interactions dans les \u00c9tablissements.<\/p>\n<p>La Politique s'applique aux activit\u00e9s de Azul au Qu\u00e9bec et au Canada.<\/p>\n<p>Collecte de Renseignements personnels<br \/>Azul recueille des Renseignements personnels aupr\u00e8s de diverses sources, notamment directement aupr\u00e8s des Clients, de ses Sites, aupr\u00e8s d'autres sources ou par diverses technologies utilis\u00e9es dans ses \u00c9tablissements.<\/p>\n<p>Fins de la collecte de Renseignements personnels<br \/>Azul d\u00e9termine les fins pour lesquelles des Renseignements personnels sont recueillis avant la Collecte et limite la Collecte aux Renseignements personnels n\u00e9cessaires aux fins d\u00e9termin\u00e9es.<\/p>\n<p>Limite \u00e0 l'utilisation et \u00e0 la divulgation de Renseignements personnels<br \/>Azul utilise et divulgue les Renseignements personnels aux fins d\u00e9termin\u00e9es au moment de la Collecte ou selon ce qui est permis ou exig\u00e9 par la loi. Azul n'utilise ni ne divulgue des Renseignements personnels \u00e0 des fins autres que celles pour lesquelles ils ont \u00e9t\u00e9 recueillis, \u00e0 moins que le Client n'y consente ou que la loi ne le permette.<\/p>\n<p>Consentement<br \/>Azul obtiendra le Consentement du Client au moment de recueillir ses Renseignements personnels, sous r\u00e9serve des exceptions pr\u00e9vues par la loi qui la dispensent d'aviser ou d'obtenir le Consentement des personnes concern\u00e9es par la Collecte, l'Utilisation ou la Divulgation.<\/p>\n<p>Azul fera des d\u00e9marches pour s'assurer qu'avant que le Client ne donne son Consentement, le Client soit inform\u00e9 des fins pour lesquelles les Renseignements personnels seront utilis\u00e9s ou divulgu\u00e9s.<\/p>\n<p>Dans le cadre de la Politique, l'achat de produits ou l'utilisation des services, des Sites et des programmes de fid\u00e9lisation offerts par Azul ou ses partenaires, constitue un Consentement implicite \u00e0 la Collecte, \u00e0 l'Utilisation et \u00e0 la Divulgation de Renseignements personnels pertinents, aux fins d\u00e9termin\u00e9es par Azul.<\/p>\n<p>Lorsque le Client soumet \u00e0 Azul des Renseignements personnels, par l'interm\u00e9diaire d'un Site, par t\u00e9l\u00e9phone, par courriel, en personne ou par tout autre moyen, le Client consent \u00e0 la Collecte, la Divulgation et l'Utilisation des Renseignements personnels en conformit\u00e9 avec les termes de la Politique.<\/p>\n<p>Le Client peut retirer son consentement en tout temps, sous r\u00e9serve des restrictions pr\u00e9vues par la loi ou par tout contrat. Un retrait de Consentement peut affecter l'optimisation ou la disponibilit\u00e9 de certains services et programmes offerts par Azul.<\/p>\n<p>Partage des Renseignements personnels<br \/>Azul ne vend pas les Renseignements personnels de ses Clients \u00e0 une autre organisation ou \u00e0 une autre personne.<\/p>\n<p>Dans certains cas, Azul peut divulguer et communiquer des Renseignements personnels \u00e0 l'\u00e9gard d'un Client \u00e0 une autre entit\u00e9 de Azul, \u00e0 des Tiers ou \u00e0 des fournisseurs et partenaires, sans en aviser le Client ni obtenir son consentement, lorsque la loi le permet.<\/p>\n<p>Dans la mesure o\u00f9 Azul communique des Renseignements personnels \u00e0 des tiers et des fournisseurs de services, ces fournisseurs agissent \u00e0 titre de sous-traitants de Azul et utilisent ces renseignements uniquement dans l'exercice de leur mandat ou l'ex\u00e9cution de leur contrat.<\/p>\n<p>Azul a recours \u00e0 des moyens contractuels et \u00e0 d'autres mesures pour garantir que les Renseignements personnels \u00e0 l'\u00e9gard d'un Client sont utilis\u00e9s \u00e0 des fins sp\u00e9cifiques afin de rendre les services requis et ne seront pas conserv\u00e9s apr\u00e8s l'expiration d'une dur\u00e9e raisonnable suivant la fin de leur mandat ou contrat.<\/p>\n<p>Mesures de s\u00e9curit\u00e9 relatives aux Renseignements personnels<br \/>Azul prendra les mesures raisonnables pour prot\u00e9ger les Renseignements personnels contre la perte ou le vol, l'acc\u00e8s, la Divulgation, la copie, l'Utilisation, la modification, la destruction non autoris\u00e9es et toute atteinte \u00e0 la protection d'un tel renseignement.<\/p>\n<p>Seules les personnes autoris\u00e9es par Azul et dont les fonctions le requi\u00e8rent ont acc\u00e8s aux renseignements personnels, et ce, pour des fins sp\u00e9cifiques. Ces personnes autoris\u00e9es sont tenues de respecter le caract\u00e8re confidentiel d'un tel renseignement.<\/p>\n<p>Conservation des Renseignements personnels<br \/>Azul conserve les Renseignements personnels pendant la p\u00e9riode n\u00e9cessaire \u00e0 la r\u00e9alisation des fins pour lesquelles ils ont \u00e9t\u00e9 recueillis ou selon les exigences de la loi.<\/p>\n<p>Tel que permis par la loi, Azul se r\u00e9serve le droit de d\u00e9truire ou d'anonymiser les Renseignements personnels pour les utiliser \u00e0 des fins s\u00e9rieuses et l\u00e9gitimes. Les Renseignements personnels doivent \u00eatre anonymis\u00e9s selon les pratiques g\u00e9n\u00e9ralement reconnues et selon les crit\u00e8res et modalit\u00e9s d\u00e9termin\u00e9s par les lois et r\u00e8glements.<\/p>\n<p>En r\u00e8gle g\u00e9n\u00e9rale, les Renseignements personnels sont conserv\u00e9s par Azul au Canada. Dans le cas o\u00f9 des Renseignements personnels doivent \u00eatre communiqu\u00e9s et trait\u00e9s \u00e0 l'ext\u00e9rieur du Qu\u00e9bec et du Canada aux fins de fourniture de services, Azul s'assure de mettre en place les mesures de protection n\u00e9cessaires afin de prot\u00e9ger les Renseignements personnels des Clients.<\/p>\n<p>Programme de gestion des Renseignements personnels<br \/>Azul a \u00e9labor\u00e9 diverses directives et pratiques permettant une application concr\u00e8te de son programme de gestion des Renseignements personnels, notamment, la mise en \u0153uvre de proc\u00e9dures servant \u00e0 prot\u00e9ger les Renseignements personnels et assurer le respect de la Politique relativement \u00e0 la conservation, la destruction, la s\u00e9curit\u00e9 de l'information et la gouvernance des donn\u00e9es ; proc\u00e9dures \u00e0 la r\u00e9ception et au traitement des demandes des renseignements ou des plaintes, \u00e0 l'\u00e9valuation des facteurs relatifs \u00e0 la vie priv\u00e9e et en mati\u00e8re de pr\u00e9vention et de r\u00e9ponse potentielle aux incidents de confidentialit\u00e9.<\/p>\n<p>Droit d'acc\u00e8s, de rectification et autres droits<br \/>Le Client est responsable de mettre \u00e0 jour ses Renseignements personnels en communiquant avec Azul dans les meilleurs d\u00e9lais apr\u00e8s tout changement.<\/p>\n<p>Le Client pourra contester l'exactitude et l'exhaustivit\u00e9 de ses Renseignements personnels et faire toute demande afin que soient apport\u00e9es les corrections n\u00e9cessaires.<\/p>\n<p>Le Client a le droit d'acc\u00e9der aux Renseignements personnels que Azul d\u00e9tient \u00e0 son \u00e9gard, sauf si la loi permet de refuser l'acc\u00e8s en tout ou en partie selon les circonstances.<\/p>\n<p>Questions, commentaires et plaintes<br \/>Tous les commentaires et toutes les questions, pr\u00e9occupations ou plaintes concernant vos Renseignements personnels, la Politique ou nos pratiques en mati\u00e8re de protection des renseignements personnels doivent \u00eatre transmis au https:\/\/azulcuisine.ca\/contact.<\/p>\n<p>Liens vers des sites<br \/>Azul n'est pas responsable \u00e0 l'\u00e9gard du contenu, de l'acc\u00e8s et des pratiques de protection des Renseignements personnels pour les autres sites Internet qui ne sont pas la propri\u00e9t\u00e9 de Azul ni contr\u00f4l\u00e9s par elle, mais qui sont accessibles par des liens ou des hyperliens \u00e0 partir des Sites de Azul.<\/p>\n<p>Mise \u00e0 jour de la Politique<br \/>La Politique peut \u00eatre modifi\u00e9e en tout temps \u00e0 l'enti\u00e8re discr\u00e9tion de Azul sans pr\u00e9avis.<\/p>\n<p>Date d'entr\u00e9e en vigueur de la Politique : 27 novembre 2025.<\/p>\n<\/div><\/div><\/div><\/div><\/div><\/div><div id=\"english\" class=\"fusion-container-anchor\"><div class=\"fusion-fullwidth fullwidth-box fusion-builder-row-3 fusion-flex-container has-pattern-background has-mask-background nonhundred-percent-fullwidth non-hundred-percent-height-scrolling\" style=\"--awb-border-radius-top-left:0px;--awb-border-radius-top-right:0px;--awb-border-radius-bottom-right:0px;--awb-border-radius-bottom-left:0px;--awb-flex-wrap:wrap;\" ><div class=\"fusion-builder-row fusion-row fusion-flex-align-items-flex-start fusion-flex-content-wrap\" style=\"max-width:1248px;margin-left: calc(-4% \/ 2 );margin-right: calc(-4% \/ 2 );\"><div class=\"fusion-layout-column fusion_builder_column fusion-builder-column-2 fusion_builder_column_1_1 1_1 fusion-flex-column\" style=\"--awb-bg-size:cover;--awb-width-large:100%;--awb-margin-top-large:20px;--awb-spacing-right-large:1.92%;--awb-margin-bottom-large:20px;--awb-spacing-left-large:1.92%;--awb-width-medium:100%;--awb-order-medium:0;--awb-spacing-right-medium:1.92%;--awb-spacing-left-medium:1.92%;--awb-width-small:100%;--awb-order-small:0;--awb-spacing-right-small:1.92%;--awb-spacing-left-small:1.92%;\"><div class=\"fusion-column-wrapper fusion-column-has-shadow fusion-flex-justify-content-flex-start fusion-content-layout-column\"><div class=\"fusion-title title fusion-title-2 fusion-sep-none fusion-title-center fusion-title-text fusion-title-size-two\"><h2 class=\"fusion-title-heading title-heading-center fusion-responsive-typography-calculated\" style=\"margin:0;--fontSize:36;line-height:1.28;\"><p data-no-translation>Privacy Policy<\/p><\/h2><\/div><div class=\"fusion-text fusion-text-3\"><pre data-no-translation=\"\">Azul Cuisine Inc, its divisions, subsidiaries and affiliates (\"Azul\") are aware of the need to protect the Personal Information that Customers provide to Azul when Customers use the Sites and in the context of their interactions in Azul Establishments.\r\n\r\nThe following is a summary of certain points of the Privacy Policy (\u201cPolicy\u201d). For the full text of the Policy and the privacy notices mentioned below, please consult the following links:\r\n\u25cf Privacy policy\r\n\u25cf Privacy notice \u2013 Loyalty programs\r\n\u25cf Privacy notice \u2013 Cookies\r\n\r\nScope and application\r\nThe purpose of the Policy is to inform Customers how Azul collects, uses, discloses, retains and protects Personal Information provided by its Customers when they visit one of our Sites; register for one of our programs promotions, surveys or contests; register for a specific service, including any e-commerce service; and in the context of their interactions in Establishments.\r\n\r\nThe Policy applies to Azul's activities in Quebec, and Canada\r\n\r\nCollection of Personal Information\r\nAzul collects Personal Information from a variety of sources, including directly from Customers, from its Sites, from other sources or through various technologies used in its Establishments.\r\n\r\nPurposes of Personal Information Collection\r\nAzul identifies the purposes for which Personal Information is collected prior to Collection and limits Collection to that which is necessary for the identified purposes.\r\n\r\nLimits to the Use and Disclosure of Personal Information\r\nAzul uses and discloses Personal Information for the purposes identified at the time of Collection or as permitted or required by applicable law. Azul does not use or disclose Personal Information for purposes other than those for which it was collected, except with the Customer's consent or as permitted by law.\r\n\r\nConsent\r\nAzul will obtain the Customer's Consent at the time of Collection of the \u00a0Personal Information, subject to exceptions provided by law, that exempt Azul from notifying or obtaining the Consent of persons concerned by the Collection, Use or Disclosure.\r\n\r\nAzul will make reasonable efforts to ensure that the Customer is duly advised, before consenting to the Collection of Personal Information, of the purposes for which the Personal Information will be used or disclosed.\r\n\r\nFor the purposes of the Policy, the purchase of products or the use of services, the Sites and the loyalty programs offered by Azul or its partners, constitutes implicit Consent to the Collection, Use and Disclosure of relevant Personal Information, for the purposes identified by Azul.\r\n\r\nWhen the Customer submits Personal Information to Azul, through a Site, by telephone, e-mail, in person or by any other means, the Customer consents to the Collection, Disclosure and Use of Personal Information in accordance with the terms of the Policy.\r\n\r\nCustomers may withdraw their consent at any time, subject to the legal or contractual restrictions. A withdrawal of Consent may affect the optimization or availability of certain services and programs offered by Azul.\r\n\r\nPersonal Information Sharing\r\nAzul does not sell the Personal Information from their Customers' personal information to any person or organization.\r\n\r\nIn some cases, Azul may disclose and communicate Personal Information about a Customer to another Azul entity, to Third Parties, to service providers and partners, without the Customer's knowledge or consent, where permitted by law.\r\n\r\nTo the extent that Azul discloses Personal Information to third parties and \u00a0service providers, such providers act as subcontractors of Azul and use such information only in the performance of their mandate or contract.\r\n\r\nAzul uses contractual means and other measures to ensure that Personal Information about a Customer is used for specific purposes to render the required services and will not be retained after a reasonable period of time following the expiration of their mandate or contract.\r\n\r\nPrivacy Safeguards\r\nAzul will take reasonable steps to protect Personal Information from loss or theft, unauthorized access, Disclosure, copying, Use, modification, destruction and other breaches of security.\r\n\r\nOnly persons authorized by Azul and whose duties so require for a specific purpose shall have access to Personal Information, and they must respect the confidentiality of said information.\r\n\r\nPersonal Information Retention\r\nAzul retains Personal Information only as long as necessary for fullfil the purposes for which it was collected or as required by law.\r\n\r\nAs permitted by law, Azul reserves the right to destroy or anonymize Personal Information to use it for serious and legitimate purposes. Personal Information shall be anonymized according to generally accepted practices and the criteria and terms determined by laws and regulations.\r\n\r\nAs a general rule, Personal Information is stored by Azul in Canada. \u00a0If Personal Information must be communicated and processed outside Quebec and Canada for the purpose of providing services, Azul ensures that the necessary safeguards are in place to protect Customer Personal Information.\r\n\r\nPersonal Information Management Program\r\nAzul has developed various directives and practices for the effective application of its Personal Information management program including the implementation of procedures to protect Personal Information and ensure compliance with the Policy regarding to the retention, destruction, information security and data governance; procedures for receiving and handling inquiries and complaints, conducting privacy impact assessments and the prevention of and potential response to privacy incidents.\r\n\r\nRight of access, Rectification and other rights\r\nCustomers are responsible for updating their Personal Information by contacting Azul as soon as possible after any change.\r\n\r\nThe Customer shall be entitled to contest the accuracy and completeness of the information and request that any necessary corrections be made.\r\n\r\nCustomers have the right to access the Personal Information that Azul holds about them except where the law permits the refusal of access in whole or in part depending on the circumstances.\r\n\r\nQuestions, comments and complaints\r\nAll comments, questions, concerns or complaints regarding your Personal Information, the Policy or our privacy practices should be addressed to https:\/\/azulcuisine.ca\/contact\r\n\r\nLinks to Sites\r\nAzul is not responsible for the content, access and privacy practices of other Internet sites not owned or controlled by Azul but that are accessible through links or hyperlinks from Azul Sites.\r\n\r\nUpdating the Policy\r\nThe Policy may be modified at any time at Azul's sole discretion without prior notice.\r\n\r\nEffective date of the Policy: November 27, 2025.<\/pre>\n<\/div><\/div><\/div><\/div><\/div><\/div><\/p>","protected":false},"excerpt":{"rendered":"","protected":false},"author":2,"featured_media":0,"parent":0,"menu_order":0,"comment_status":"closed","ping_status":"closed","template":"","meta":{"footnotes":""},"class_list":["post-3027","page","type-page","status-publish","hentry"],"_links":{"self":[{"href":"https:\/\/azulcuisine.ca\/fr\/wp-json\/wp\/v2\/pages\/3027","targetHints":{"allow":["GET"]}}],"collection":[{"href":"https:\/\/azulcuisine.ca\/fr\/wp-json\/wp\/v2\/pages"}],"about":[{"href":"https:\/\/azulcuisine.ca\/fr\/wp-json\/wp\/v2\/types\/page"}],"author":[{"embeddable":true,"href":"https:\/\/azulcuisine.ca\/fr\/wp-json\/wp\/v2\/users\/2"}],"replies":[{"embeddable":true,"href":"https:\/\/azulcuisine.ca\/fr\/wp-json\/wp\/v2\/comments?post=3027"}],"version-history":[{"count":23,"href":"https:\/\/azulcuisine.ca\/fr\/wp-json\/wp\/v2\/pages\/3027\/revisions"}],"predecessor-version":[{"id":3176,"href":"https:\/\/azulcuisine.ca\/fr\/wp-json\/wp\/v2\/pages\/3027\/revisions\/3176"}],"wp:attachment":[{"href":"https:\/\/azulcuisine.ca\/fr\/wp-json\/wp\/v2\/media?parent=3027"}],"curies":[{"name":"wp","href":"https:\/\/api.w.org\/{rel}","templated":true}]}}