{"id":3053,"date":"2025-11-27T15:24:04","date_gmt":"2025-11-27T15:24:04","guid":{"rendered":"https:\/\/azulcuisine.ca\/?page_id=3053"},"modified":"2025-11-30T20:41:00","modified_gmt":"2025-12-01T01:41:00","slug":"politiques-achat-livraison","status":"publish","type":"page","link":"https:\/\/azulcuisine.ca\/fr\/politiques-achat-livraison\/","title":{"rendered":"Politiques d'achat et de livraison"},"content":{"rendered":"<p><div class=\"fusion-fullwidth fullwidth-box fusion-builder-row-1 fusion-flex-container has-pattern-background has-mask-background nonhundred-percent-fullwidth non-hundred-percent-height-scrolling\" style=\"--awb-border-radius-top-left:0px;--awb-border-radius-top-right:0px;--awb-border-radius-bottom-right:0px;--awb-border-radius-bottom-left:0px;--awb-flex-wrap:wrap;\" ><div class=\"fusion-builder-row fusion-row fusion-flex-align-items-flex-start fusion-flex-content-wrap\" style=\"max-width:1248px;margin-left: calc(-4% \/ 2 );margin-right: calc(-4% \/ 2 );\"><div class=\"fusion-layout-column fusion_builder_column fusion-builder-column-0 fusion_builder_column_1_1 1_1 fusion-flex-column\" style=\"--awb-bg-size:cover;--awb-width-large:100%;--awb-margin-top-large:20px;--awb-spacing-right-large:1.92%;--awb-margin-bottom-large:20px;--awb-spacing-left-large:1.92%;--awb-width-medium:100%;--awb-order-medium:0;--awb-spacing-right-medium:1.92%;--awb-spacing-left-medium:1.92%;--awb-width-small:100%;--awb-order-small:0;--awb-spacing-right-small:1.92%;--awb-spacing-left-small:1.92%;\"><div class=\"fusion-column-wrapper fusion-column-has-shadow fusion-flex-justify-content-flex-start fusion-content-layout-column\"><div class=\"fusion-title title fusion-title-1 fusion-sep-none fusion-title-center fusion-title-text fusion-title-size-two\"><h2 class=\"fusion-title-heading title-heading-center fusion-responsive-typography-calculated\" style=\"margin:0;--fontSize:36;line-height:1.28;\">Politiques d'achat et de livraison<\/h2><\/div><div class=\"fusion-text fusion-text-1\"><p>POLITIQUE D'\u00c9CHANGE ET DE REMBOURSEMENT :<br \/>\nPour un \u00e9change ou un remboursement, veuillez communiquer directement avec Azul Cuisine Inc o\u00f9 vous avez effectu\u00e9 votre achat.<\/p>\n<p>ANNULATION DE COMMANDE :<br \/>\nL'annulation d'une commande doit \u00eatre faite au moins 48 heures avant l'heure de cueillette ou de livraison pr\u00e9vue. Si la commande a \u00e9t\u00e9 pay\u00e9e d'avance, elle vous sera rembours\u00e9e.<\/p>\n<p>LIVRAISON :<br \/>\nPour recevoir votre commande, assurez-vous d'\u00eatre pr\u00e9sent \u00e0 l'heure de livraison que vous avez choisie. Afin de pr\u00e9server la qualit\u00e9 et la fra\u00eecheur de nos produits, aucune marchandise ne sera laiss\u00e9e \u00e0 la porte. Si vous ne pouvez \u00eatre pr\u00e9sent au moment de la livraison, veuillez en aviser Azul Cuisine Inc au moins 2 heures avant l'heure de livraison pr\u00e9vue afin de planifier un autre moment pour la livraison. \u00c0 d\u00e9faut d'aviser Azul Cuisine Inc, vous devrez aller cueillir votre commande en magasin dans les 24 heures suivant l'heure de livraison pr\u00e9vue. Si l'une ou l'autre de ces conditions n'est pas respect\u00e9e, votre commande sera offerte en don, parmi les invendus de la journ\u00e9e, et aucun remboursement ne sera effectu\u00e9.<\/p>\n<\/div><\/div><\/div><\/div><\/div><div class=\"fusion-fullwidth fullwidth-box fusion-builder-row-2 fusion-flex-container has-pattern-background has-mask-background nonhundred-percent-fullwidth non-hundred-percent-height-scrolling\" style=\"--awb-border-radius-top-left:0px;--awb-border-radius-top-right:0px;--awb-border-radius-bottom-right:0px;--awb-border-radius-bottom-left:0px;--awb-flex-wrap:wrap;\" ><div class=\"fusion-builder-row fusion-row fusion-flex-align-items-flex-start fusion-flex-content-wrap\" style=\"max-width:1248px;margin-left: calc(-4% \/ 2 );margin-right: calc(-4% \/ 2 );\"><div class=\"fusion-layout-column fusion_builder_column fusion-builder-column-1 fusion_builder_column_1_1 1_1 fusion-flex-column\" style=\"--awb-bg-size:cover;--awb-width-large:100%;--awb-margin-top-large:20px;--awb-spacing-right-large:1.92%;--awb-margin-bottom-large:20px;--awb-spacing-left-large:1.92%;--awb-width-medium:100%;--awb-order-medium:0;--awb-spacing-right-medium:1.92%;--awb-spacing-left-medium:1.92%;--awb-width-small:100%;--awb-order-small:0;--awb-spacing-right-small:1.92%;--awb-spacing-left-small:1.92%;\"><div class=\"fusion-column-wrapper fusion-column-has-shadow fusion-flex-justify-content-flex-start fusion-content-layout-column\"><div class=\"fusion-title title fusion-title-2 fusion-sep-none fusion-title-center fusion-title-text fusion-title-size-two\"><h2 class=\"fusion-title-heading title-heading-center fusion-responsive-typography-calculated\" style=\"margin:0;--fontSize:36;line-height:1.28;\"><p data-no-translation>Purchase and delivery policies<\/p><\/h2><\/div><div class=\"fusion-text fusion-text-2\"><p data-no-translation=\"\">EXCHANGE AND REFUND POLICY:<br \/>\nFor exchanges or refunds, please directly contact Azul Cuisine Inc where you made your purchase.<\/p>\n<p data-no-translation=\"\">ORDER CANCELLATION:<br \/>\nAny cancellation must be done at least 48 hours before the selected delivery or pickup time.\u2028Orders paid for in advance will be refunded.<\/p>\n<p data-no-translation=\"\">DELIVERY:<br \/>\nMake sure someone is at your location to receive your order at the selected delivery time. No merchandise will be left at the door, to preserve our products\u2019 quality and freshness. If you cannot be present at the scheduled time, please advise Azul Cuisine Inc at least two hours before the scheduled delivery time, in order to reschedule. If you do not advise Azul Cuisine Inc, you must then come collect your order in-store in the 24 hours following the scheduled delivery time. If any of the above conditions is not respected, your order will be donated along with the day\u2019s unsold merchandise, and no refund will be given.<\/p>\n<\/div><\/div><\/div><\/div><\/div><\/p>","protected":false},"excerpt":{"rendered":"","protected":false},"author":2,"featured_media":0,"parent":0,"menu_order":0,"comment_status":"closed","ping_status":"closed","template":"","meta":{"footnotes":""},"class_list":["post-3053","page","type-page","status-publish","hentry"],"_links":{"self":[{"href":"https:\/\/azulcuisine.ca\/fr\/wp-json\/wp\/v2\/pages\/3053","targetHints":{"allow":["GET"]}}],"collection":[{"href":"https:\/\/azulcuisine.ca\/fr\/wp-json\/wp\/v2\/pages"}],"about":[{"href":"https:\/\/azulcuisine.ca\/fr\/wp-json\/wp\/v2\/types\/page"}],"author":[{"embeddable":true,"href":"https:\/\/azulcuisine.ca\/fr\/wp-json\/wp\/v2\/users\/2"}],"replies":[{"embeddable":true,"href":"https:\/\/azulcuisine.ca\/fr\/wp-json\/wp\/v2\/comments?post=3053"}],"version-history":[{"count":8,"href":"https:\/\/azulcuisine.ca\/fr\/wp-json\/wp\/v2\/pages\/3053\/revisions"}],"predecessor-version":[{"id":3169,"href":"https:\/\/azulcuisine.ca\/fr\/wp-json\/wp\/v2\/pages\/3053\/revisions\/3169"}],"wp:attachment":[{"href":"https:\/\/azulcuisine.ca\/fr\/wp-json\/wp\/v2\/media?parent=3053"}],"curies":[{"name":"wp","href":"https:\/\/api.w.org\/{rel}","templated":true}]}}