{"id":345,"date":"2025-11-07T02:07:38","date_gmt":"2025-11-07T02:07:38","guid":{"rendered":"https:\/\/avadawebsites.wpengine.com\/bakery\/?page_id=345"},"modified":"2025-11-27T20:05:01","modified_gmt":"2025-11-27T20:05:01","slug":"panier-dachat","status":"publish","type":"page","link":"https:\/\/azulcuisine.ca\/fr\/panier-dachat\/","title":{"rendered":"Panier d'achat"},"content":{"rendered":"<p><div class=\"fusion-fullwidth fullwidth-box fusion-builder-row-1 fusion-flex-container has-pattern-background has-mask-background nonhundred-percent-fullwidth non-hundred-percent-height-scrolling\" style=\"--awb-border-sizes-top:1px;--awb-border-sizes-bottom:1px;--awb-border-color:var(--awb-color3);--awb-border-radius-top-left:0px;--awb-border-radius-top-right:0px;--awb-border-radius-bottom-right:0px;--awb-border-radius-bottom-left:0px;--awb-margin-bottom:30px;--awb-flex-wrap:wrap;\" ><div class=\"fusion-builder-row fusion-row fusion-flex-align-items-flex-start fusion-flex-content-wrap\" style=\"max-width:1248px;margin-left: calc(-4% \/ 2 );margin-right: calc(-4% \/ 2 );\"><div class=\"fusion-layout-column fusion_builder_column fusion-builder-column-0 fusion_builder_column_1_1 1_1 fusion-flex-column\" style=\"--awb-bg-size:cover;--awb-width-large:100%;--awb-margin-top-large:15px;--awb-spacing-right-large:1.92%;--awb-margin-bottom-large:15px;--awb-spacing-left-large:1.92%;--awb-width-medium:100%;--awb-order-medium:0;--awb-spacing-right-medium:1.92%;--awb-spacing-left-medium:1.92%;--awb-width-small:100%;--awb-order-small:0;--awb-spacing-right-small:1.92%;--awb-spacing-left-small:1.92%;\"><div class=\"fusion-column-wrapper fusion-column-has-shadow fusion-flex-justify-content-flex-start fusion-content-layout-column\"><nav class=\"fusion-breadcrumbs fusion-breadcrumbs-1\" style=\"--awb-alignment:center;--awb-breadcrumb-sep:&#039;\/&#039;;text-align:center;\" aria-label=\"Fil d&#039;Ariane\"><ol class=\"awb-breadcrumb-list\"><li class=\"fusion-breadcrumb-item awb-breadcrumb-sep awb-home\" ><a href=\"https:\/\/azulcuisine.ca\/fr\" class=\"fusion-breadcrumb-link\"><span >Accueil<\/span><\/a><\/li><\/ol><\/nav><\/div><\/div><\/div><\/div><div class=\"fusion-fullwidth fullwidth-box fusion-builder-row-2 fusion-flex-container nonhundred-percent-fullwidth non-hundred-percent-height-scrolling\" style=\"--link_hover_color: var(--awb-color4);--awb-border-sizes-top:0px;--awb-border-sizes-bottom:0px;--awb-border-sizes-left:0px;--awb-border-sizes-right:0px;--awb-border-radius-top-left:0px;--awb-border-radius-top-right:0px;--awb-border-radius-bottom-right:0px;--awb-border-radius-bottom-left:0px;--awb-margin-top:0px;--awb-margin-bottom:0px;--awb-flex-wrap:wrap;\" ><div class=\"fusion-builder-row fusion-row fusion-flex-align-items-flex-start fusion-flex-justify-content-center fusion-flex-content-wrap\" style=\"max-width:calc( 1200px + 60px );margin-left: calc(-60px \/ 2 );margin-right: calc(-60px \/ 2 );\"><div class=\"fusion-layout-column fusion_builder_column fusion-builder-column-1 fusion_builder_column_1_2 1_2 fusion-flex-column\" style=\"--awb-padding-top-small:0px;--awb-overflow:hidden;--awb-bg-color:var(--awb-color1);--awb-bg-color-hover:var(--awb-color1);--awb-bg-size:cover;--awb-border-radius:3px 3px 3px 3px;--awb-width-large:50%;--awb-margin-top-large:0px;--awb-spacing-right-large:calc( 0.053333333333333 * calc( 100% - 60px ) );--awb-margin-bottom-large:0px;--awb-spacing-left-large:30px;--awb-width-medium:66.666666666667%;--awb-order-medium:0;--awb-spacing-right-medium:calc( 0.04 * calc( 100% - 60px ) );--awb-spacing-left-medium:30px;--awb-width-small:100%;--awb-order-small:0;--awb-spacing-right-small:30px;--awb-spacing-left-small:30px;\"><div class=\"fusion-column-wrapper fusion-column-has-shadow fusion-flex-justify-content-flex-start fusion-content-layout-column\">\t\t\t\t\t<div class=\"fusion-woo-cart_table-wrapper\">\n\t\t\t\t\t\t\t\t\t\t<form class=\"woocommerce-cart-form woocommerce\" action=\"https:\/\/azulcuisine.ca\/fr\/panier-dachat\/\" method=\"post\" data-trp-original-action=\"https:\/\/azulcuisine.ca\/fr\/panier-dachat\/\">\n\t\t\t\t\t\t\t\t\t\t<table class=\"shop_table shop_table_responsive cart woocommerce-cart-form__contents fusion-woo-cart_table fusion-woo-cart_table-1 has-auto-height\" style=\"--awb-margin-bottom:40px;--awb-cell-padding-top:20px;--awb-cell-padding-bottom:20px;--awb-heading-font-size:var(--awb-typography5-font-size);--awb-heading-letter-spacing:var(--awb-typography5-letter-spacing);--awb-text-font-size:var(--awb-typography4-font-size);--awb-text-letter-spacing:var(--awb-typography4-letter-spacing);--awb-heading-color:var(--awb-color7);--awb-text-color:var(--awb-color7);--awb-fusion-font-family-heading-font:var(--awb-typography5-font-family);--awb-fusion-font-variant-heading-font:var(--awb-typography5);--awb-heading-line-height:var(--awb-typography5-line-height);--awb-heading-text-transform:var(--awb-typography5-text-transform);--awb-fusion-font-family-text-font:var(--awb-typography4-font-family);--awb-fusion-font-variant-text-font:var(--awb-typography4);--awb-text-line-height:var(--awb-typography4-line-height);--awb-text-text-transform:var(--awb-typography4-text-transform);\" cellspacing=\"0\">\n\t\t\t\t\t\t\t\t\t\t\t<thead>\n\t\t\t\t\t<tr>\n\t\t\t\t\t\t\t\t\t\t\t\t\t\t\t\t\t\t\t\t\t<th scope=\"col\" class=\"product-name\">Produit<\/th>\n\t\t\t\t\t\t\t\t\t\t\t\t\t\t\t\t\t\t\t\t\t\t\t\t\t\t\t\t\t<th scope=\"col\" class=\"product-price\">Prix<\/th>\n\t\t\t\t\t\t\t\t\t\t\t\t\t\t\t\t\t\t\t\t\t\t\t\t\t\t\t\t\t<th scope=\"col\" class=\"product-quantity\">Quantit\u00e9<\/th>\n\t\t\t\t\t\t\t\t\t\t\t\t\t\t\t\t\t\t\t\t\t\t\t\t\t\t\t\t\t<th scope=\"col\" class=\"product-subtotal\">Sous-total<\/th>\n\t\t\t\t\t\t\t\t\t\t\t\t\t\t\t\t\t\t\t\t\t\t\t\t\t\t\t\t\t<th scope=\"col\" class=\"product-remove\"><span class=\"screen-reader-text\" data-no-translation=\"\" data-trp-gettext=\"\">Supprimer l\u2019\u00e9l\u00e9ment<\/span><\/th>\n\t\t\t\t\t\t\t\t\t\t\t\t\t\t\t\t\t\t<\/tr>\n\t\t\t\t\t<\/thead>\n\t\t\t\t\t\t\t\t\t\t\t\t\t\t\t\t<tr class=\"avada-cart-actions\">\n\t\t\t\t\t\t\t<td class=\"actions\">\n\t\t\t\t\t\t\t\t\t\t\t\t\t\t\t\t\t<div class=\"coupon\">\n\t\t\t\t\t\t\t\t\t\t<label for=\"coupon_code\" data-no-translation=\"\" data-trp-gettext=\"\">Code promo\u00a0:<\/label>\n\t\t\t\t\t\t\t\t\t\t<input type=\"text\" name=\"coupon_code\" class=\"input-text\" id=\"coupon_code\" value=\"\" placeholder=\"Code promo\" data-no-translation-placeholder=\"\" \/> <button type=\"submit\" class=\"button\" name=\"apply_coupon\" value=\"Appliquer le code promo\" data-no-translation=\"\" data-trp-gettext=\"\" data-no-translation-value=\"\">Appliquer le code promo<\/button>\n\t\t\t\t\t\t\t\t\t\t\t\t\t\t\t\t\t\t\t<\/div>\n\t\t\t\t\t\t\t\t\t\t\t\t\t\t\t\t\t\t\t\t\t\t\t\t<button type=\"submit\" class=\"button\" name=\"update_cart\">\n\t\t\t\t\t\t\t\tMettre \u00e0 jour le panier<\/button>\n\t\t\t\t\t\t\t\t<input type=\"hidden\" id=\"woocommerce-cart-nonce\" name=\"woocommerce-cart-nonce\" value=\"ac4e71dfca\" \/><input type=\"hidden\" name=\"_wp_http_referer\" value=\"\/fr\/wp-json\/wp\/v2\/pages\/345\" \/>\t\t\t\t\t\t\t<\/td>\n\t\t\t\t\t\t<\/tr>\n\t\t\t\t\t\t\t\t\t\t\t<\/table>\n\n\t\t\t\t\t<input type=\"hidden\" name=\"trp-form-language\" value=\"fr\"\/><\/form>\n\t\t\t\t\t<\/div>\n\t\t\t\t\t<div class=\"fusion-title title fusion-title-1 fusion-sep-none fusion-title-text fusion-title-size-five\" style=\"--awb-text-color:var(--awb-color7);--awb-margin-top:0px;--awb-margin-bottom:35px;--awb-margin-bottom-small:10px;\"><h5 class=\"fusion-title-heading title-heading-left fusion-responsive-typography-calculated\" style=\"margin:0;--fontSize:22;line-height:1.5;\">Informations sur la livraison<\/h5><\/div><\/div><\/div><div class=\"fusion-layout-column fusion_builder_column fusion-builder-column-2 fusion_builder_column_1_2 1_2 fusion-flex-column\" style=\"--awb-bg-color:rgba(255,255,255,0);--awb-bg-color-hover:rgba(255,255,255,0);--awb-bg-position:center center;--awb-bg-size:cover;--awb-width-large:50%;--awb-margin-top-large:0px;--awb-spacing-right-large:30px;--awb-margin-bottom-large:0px;--awb-spacing-left-large:calc( 0.026666666666667 * calc( 100% - 60px ) );--awb-width-medium:33.333333333333%;--awb-order-medium:0;--awb-spacing-right-medium:30px;--awb-spacing-left-medium:calc( 0.04 * calc( 100% - 60px ) );--awb-width-small:100%;--awb-order-small:0;--awb-spacing-right-small:30px;--awb-spacing-left-small:30px;\"><div class=\"fusion-column-wrapper fusion-column-has-shadow fusion-flex-justify-content-flex-start fusion-content-layout-column\"><div class=\"fusion-builder-row fusion-builder-row-inner fusion-row fusion-flex-align-items-flex-start fusion-flex-justify-content-center fusion-flex-content-wrap\" style=\"width:calc( 100% + 60px ) !important;max-width:calc( 100% + 60px ) !important;margin-left: calc(-60px \/ 2 );margin-right: calc(-60px \/ 2 );\"><div class=\"fusion-layout-column fusion_builder_column_inner fusion-builder-nested-column-0 fusion_builder_column_inner_1_1 1_1 fusion-flex-column\" style=\"--awb-padding-top:2.5vw;--awb-padding-right:2.5vw;--awb-padding-bottom:2.5vw;--awb-padding-left:2.5vw;--awb-padding-top-small:30px;--awb-padding-right-small:35px;--awb-padding-bottom-small:35px;--awb-padding-left-small:35px;--awb-overflow:hidden;--awb-bg-color:var(--awb-color1);--awb-bg-color-hover:var(--awb-color1);--awb-bg-image:linear-gradient(180deg, rgba(9,7,107,0.2) 0%,rgba(9,7,107,0.2) 100%);--awb-bg-size:cover;--awb-border-color:var(--awb-color5);--awb-border-top:1px;--awb-border-right:1px;--awb-border-bottom:1px;--awb-border-left:1px;--awb-border-style:solid;--awb-border-radius:6px 6px 6px 6px;--awb-width-large:100%;--awb-margin-top-large:0px;--awb-spacing-right-large:30px;--awb-margin-bottom-large:30px;--awb-spacing-left-large:30px;--awb-width-medium:100%;--awb-order-medium:0;--awb-spacing-right-medium:30px;--awb-spacing-left-medium:30px;--awb-width-small:100%;--awb-order-small:0;--awb-spacing-right-small:30px;--awb-spacing-left-small:30px;\"><div class=\"fusion-column-wrapper fusion-column-has-shadow fusion-flex-justify-content-flex-start fusion-content-layout-column\"><div class=\"fusion-title title fusion-title-2 fusion-sep-none fusion-title-text fusion-title-size-five\" style=\"--awb-text-color:var(--awb-color5);--awb-margin-top:0px;--awb-margin-bottom:5px;--awb-margin-bottom-small:10px;\"><h5 class=\"fusion-title-heading title-heading-left fusion-responsive-typography-calculated\" style=\"margin:0;--fontSize:22;line-height:1.5;\">Total du panier : <span class=\"fusion-dynamic-cart-count-wrapper\" data-singular=\" item\" data-plural=\" items\"> articles<\/span><\/h5><\/div><div ><a class=\"fusion-button button-flat fusion-button-default-size button-custom fusion-button-default button-1 fusion-button-span-yes\" style=\"--button_accent_color:var(--awb-color8);--button_border_color:var(--awb-color8);--button_accent_hover_color:var(--awb-color8);--button_border_hover_color:var(--awb-color1);--button_border_width-top:0px;--button_border_width-right:0px;--button_border_width-bottom:0px;--button_border_width-left:0px;--button-border-radius-top-left:0px;--button-border-radius-top-right:0px;--button-border-radius-bottom-right:0px;--button-border-radius-bottom-left:0px;--button_gradient_top_color:var(--awb-color1);--button_gradient_bottom_color:var(--awb-color1);--button_gradient_top_color_hover:var(--awb-color3);--button_gradient_bottom_color_hover:var(--awb-color3);--button_text_transform:var(--awb-typography3-text-transform);--button_font_size:var(--awb-typography3-font-size);--button_line_height:var(--awb-typography3-line-height);--button_padding-top:13px;--button_padding-right:29px;--button_padding-bottom:13px;--button_padding-left:29px;--button_typography-letter-spacing:var(--awb-typography3-letter-spacing);--button_typography-font-family:var(--awb-typography3-font-family);--button_typography-font-weight:var(--awb-typography3-font-weight);--button_typography-font-style:var(--awb-typography3-font-style);--button_margin-bottom:10px;\" target=\"_self\" href=\"#updateCart\"><span class=\"fusion-button-text awb-button__text awb-button__text--default\">Mise \u00e0 jour du panier<\/span><i class=\"retail-sync awb-button__icon awb-button__icon--default button-icon-right\" aria-hidden=\"true\"><\/i><\/a><\/div><div ><a class=\"fusion-button button-flat fusion-button-default-size button-custom fusion-button-default button-2 fusion-button-span-yes\" style=\"--button_accent_color:var(--awb-color1);--button_border_color:var(--awb-color1);--button_accent_hover_color:var(--awb-color8);--button_border_hover_color:var(--awb-color8);--button_border_width-top:0px;--button_border_width-right:0px;--button_border_width-bottom:0px;--button_border_width-left:0px;--button-border-radius-top-left:0px;--button-border-radius-top-right:0px;--button-border-radius-bottom-right:0px;--button-border-radius-bottom-left:0px;--button_gradient_top_color:var(--awb-color5);--button_gradient_bottom_color:var(--awb-color5);--button_gradient_top_color_hover:var(--awb-color1);--button_gradient_bottom_color_hover:var(--awb-color1);--button_text_transform:var(--awb-typography3-text-transform);--button_font_size:var(--awb-typography3-font-size);--button_line_height:var(--awb-typography3-line-height);--button_padding-top:13px;--button_padding-right:29px;--button_padding-bottom:13px;--button_padding-left:29px;--button_typography-letter-spacing:var(--awb-typography3-letter-spacing);--button_typography-font-family:var(--awb-typography3-font-family);--button_typography-font-weight:var(--awb-typography3-font-weight);--button_typography-font-style:var(--awb-typography3-font-style);--button_margin-bottom:0px;\" target=\"_self\" href=\"https:\/\/azulcuisine.ca\/fr\/caisse\/\"><span class=\"fusion-button-text awb-button__text awb-button__text--default\">Passer \u00e0 la caisse<\/span><\/a><\/div><\/div><\/div><\/div><div class=\"fusion-title title fusion-title-3 fusion-sep-none fusion-title-center fusion-title-text fusion-title-size-paragraph\" style=\"--awb-text-color:var(--awb-color8);\"><p class=\"fusion-title-heading title-heading-center title-heading-tag fusion-responsive-typography-calculated\" style=\"margin:0;--fontSize:16;line-height:var(--awb-typography4-line-height);\"><i class=\"fa fa-exclamation-circle\" style=\"color: red;\"><\/i> Avis : Toutes les commandes ont besoin de 72 heures pour \u00eatre pr\u00e9par\u00e9es. Nous vous contacterons pour coordonner les d\u00e9tails de l'enl\u00e8vement ou de la livraison.<\/p><\/div><\/div><\/div><\/div><\/div><div class=\"fusion-fullwidth fullwidth-box fusion-builder-row-3 fusion-flex-container has-pattern-background has-mask-background nonhundred-percent-fullwidth non-hundred-percent-height-scrolling\" style=\"--awb-border-radius-top-left:0px;--awb-border-radius-top-right:0px;--awb-border-radius-bottom-right:0px;--awb-border-radius-bottom-left:0px;--awb-flex-wrap:wrap;\" ><div class=\"fusion-builder-row fusion-row fusion-flex-align-items-flex-start fusion-flex-content-wrap\" style=\"max-width:1248px;margin-left: calc(-4% \/ 2 );margin-right: calc(-4% \/ 2 );\"><div class=\"fusion-layout-column fusion_builder_column fusion-builder-column-3 fusion_builder_column_1_1 1_1 fusion-flex-column\" style=\"--awb-bg-size:cover;--awb-width-large:100%;--awb-margin-top-large:20px;--awb-spacing-right-large:1.92%;--awb-margin-bottom-large:20px;--awb-spacing-left-large:1.92%;--awb-width-medium:100%;--awb-order-medium:0;--awb-spacing-right-medium:1.92%;--awb-spacing-left-medium:1.92%;--awb-width-small:100%;--awb-order-small:0;--awb-spacing-right-small:1.92%;--awb-spacing-left-small:1.92%;\"><div class=\"fusion-column-wrapper fusion-column-has-shadow fusion-flex-justify-content-flex-start fusion-content-layout-column\"><\/div><\/div><\/div><\/div><\/p>","protected":false},"excerpt":{"rendered":"","protected":false},"author":1,"featured_media":0,"parent":0,"menu_order":0,"comment_status":"closed","ping_status":"closed","template":"100-width.php","meta":{"footnotes":""},"class_list":["post-345","page","type-page","status-publish","hentry"],"_links":{"self":[{"href":"https:\/\/azulcuisine.ca\/fr\/wp-json\/wp\/v2\/pages\/345","targetHints":{"allow":["GET"]}}],"collection":[{"href":"https:\/\/azulcuisine.ca\/fr\/wp-json\/wp\/v2\/pages"}],"about":[{"href":"https:\/\/azulcuisine.ca\/fr\/wp-json\/wp\/v2\/types\/page"}],"author":[{"embeddable":true,"href":"https:\/\/azulcuisine.ca\/fr\/wp-json\/wp\/v2\/users\/1"}],"replies":[{"embeddable":true,"href":"https:\/\/azulcuisine.ca\/fr\/wp-json\/wp\/v2\/comments?post=345"}],"version-history":[{"count":20,"href":"https:\/\/azulcuisine.ca\/fr\/wp-json\/wp\/v2\/pages\/345\/revisions"}],"predecessor-version":[{"id":3092,"href":"https:\/\/azulcuisine.ca\/fr\/wp-json\/wp\/v2\/pages\/345\/revisions\/3092"}],"wp:attachment":[{"href":"https:\/\/azulcuisine.ca\/fr\/wp-json\/wp\/v2\/media?parent=345"}],"curies":[{"name":"wp","href":"https:\/\/api.w.org\/{rel}","templated":true}]}}