{"id":2909,"date":"2025-11-04T02:34:24","date_gmt":"2025-11-04T02:34:24","guid":{"rendered":"https:\/\/azulcuisine.ca\/?post_type=product&#038;p=2909"},"modified":"2025-11-28T02:26:48","modified_gmt":"2025-11-28T02:26:48","slug":"plateau-mykonos","status":"publish","type":"product","link":"https:\/\/azulcuisine.ca\/fr\/produit\/plateau-mykonos\/","title":{"rendered":"Plateau Mykonos"},"content":{"rendered":"","protected":false},"excerpt":{"rendered":"<p>Ce plateau n\u00e9cessite au moins 72 heures de pr\u00e9paration.<\/p>\n<p>Disponible en deux formats:<br \/>\n<strong>Ap\u00e9ritif: 20$\/personne<\/strong><br \/>\n<strong>Repas: 28$\/personne<\/strong><\/p>\n<p>Inclus: 2 sortes de charcuteries europ\u00e9ennes, 2 sortes de fromage qu\u00e9b\u00e9cois, Olives, Panoplie de fruits et l\u00e9gumes frais, Hummus maison, Noix, Pain frais du jour.<\/p>\n<p>Contactez-nous directement pour groups de 20 et plus.<br \/>\n*Les images peuvent ne pas repr\u00e9senter fid\u00e8lement le produit r\u00e9el.<\/p>","protected":false},"featured_media":3069,"template":"","meta":[],"product_brand":[],"product_cat":[40,42],"product_tag":[],"class_list":{"0":"post-2909","1":"product","2":"type-product","3":"status-publish","4":"has-post-thumbnail","6":"product_cat-aperitif","7":"product_cat-meal","9":"first","10":"instock","11":"featured","12":"taxable","13":"shipping-taxable","14":"purchasable","15":"product-type-variable","16":"has-default-attributes"},"_links":{"self":[{"href":"https:\/\/azulcuisine.ca\/fr\/wp-json\/wp\/v2\/product\/2909","targetHints":{"allow":["GET"]}}],"collection":[{"href":"https:\/\/azulcuisine.ca\/fr\/wp-json\/wp\/v2\/product"}],"about":[{"href":"https:\/\/azulcuisine.ca\/fr\/wp-json\/wp\/v2\/types\/product"}],"wp:featuredmedia":[{"embeddable":true,"href":"https:\/\/azulcuisine.ca\/fr\/wp-json\/wp\/v2\/media\/3069"}],"wp:attachment":[{"href":"https:\/\/azulcuisine.ca\/fr\/wp-json\/wp\/v2\/media?parent=2909"}],"wp:term":[{"taxonomy":"product_brand","embeddable":true,"href":"https:\/\/azulcuisine.ca\/fr\/wp-json\/wp\/v2\/product_brand?post=2909"},{"taxonomy":"product_cat","embeddable":true,"href":"https:\/\/azulcuisine.ca\/fr\/wp-json\/wp\/v2\/product_cat?post=2909"},{"taxonomy":"product_tag","embeddable":true,"href":"https:\/\/azulcuisine.ca\/fr\/wp-json\/wp\/v2\/product_tag?post=2909"}],"curies":[{"name":"wp","href":"https:\/\/api.w.org\/{rel}","templated":true}]}}